{"id":31022,"date":"2022-10-27T21:42:09","date_gmt":"2022-10-27T19:42:09","guid":{"rendered":"https:\/\/va.akademijazs.edu.rs\/?page_id=31022"},"modified":"2022-11-01T13:21:55","modified_gmt":"2022-11-01T12:21:55","slug":"prijava-za-cvbook","status":"publish","type":"page","link":"https:\/\/va.akademijazs.edu.rs\/index.php\/prijava-za-cvbook\/","title":{"rendered":"Prijava za CV Book"},"content":{"rendered":"<p style=\"font-weight: 400;\">CV Book je baza podataka o studentima i diplomcima valjevskog odseka Akademije koja je neophodna za povezivanje odgovaraju\u0107ih kandidata sa potencijalnim poslodavcima, a sa ciljem pove\u0107anja zapo\u0161ljivosti.<\/p>\n<p style=\"font-weight: 400;\">Ako ste u potrazi za poslom, pozivamo Vas da ostavite svoje podatke. Ukoliko se uka\u017ee potreba za kadrovima kod poslovnih partnera Akademije, a u \u010diji profil se uklapate, bi\u0107emo slobodni da vas kontaktiramo.<\/p>\n<p>&nbsp;<\/p>\n<div class=\"forminator-ui forminator-custom-form forminator-custom-form-31020 forminator-design--material  forminator_ajax\" data-forminator-render=\"0\" data-form=\"forminator-module-31020\" data-uid=\"69dff7b51d4a7\"><br\/><\/div><form\n\t\t\t\tid=\"forminator-module-31020\"\n\t\t\t\tclass=\"forminator-ui forminator-custom-form forminator-custom-form-31020 forminator-design--material  forminator_ajax\"\n\t\t\t\tmethod=\"post\"\n\t\t\t\tdata-forminator-render=\"0\"\n\t\t\t\tdata-form-id=\"31020\"\n\t\t\t\tenctype=\"multipart\/form-data\" data-color-option=\"default\" data-design=\"material\" data-grid=\"open\" style=\"display: none;\"\n\t\t\t\tdata-uid=\"69dff7b51d4a7\"\n\t\t\t><div role=\"alert\" aria-live=\"polite\" class=\"forminator-response-message forminator-error\" aria-hidden=\"true\"><\/div><div role=\"tablist\" class=\"forminator-pagination-steps\" aria-label=\"Pagination\"><\/div><div\n\t\t\t\ttabindex=\"-1\"\n\t\t\t\trole=\"tabpanel\"\n\t\t\t\tid=\"forminator-custom-form-31020--page-0\"\n\t\t\t\tclass=\"forminator-pagination forminator-pagination-start\"\n\t\t\t\taria-labelledby=\"forminator-custom-form-31020--page-0-label\"\n\t\t\t\tdata-step=\"0\"\n\t\t\t\tdata-label=\"Prijava\"\n\t\t\t\tdata-actual-label=\"Korak 1\"\n\t\t\t\tdata-name=\"page-break-1\"\n\t\t\t><div class=\"forminator-pagination--content\"><div class=\"forminator-row\"><div id=\"text-1\" class=\"forminator-field-text forminator-col forminator-col-6 \"><div class=\"forminator-field\"><label for=\"forminator-field-text-1_69dff7b51d4a7\" id=\"forminator-field-text-1_69dff7b51d4a7-label\" class=\"forminator-label\">Ime <span class=\"forminator-required\">*<\/span><\/label><input type=\"text\" name=\"text-1\" value=\"\" placeholder=\"\" id=\"forminator-field-text-1_69dff7b51d4a7\" class=\"forminator-input forminator-name--field\" data-required=\"1\" \/><\/div><\/div><div id=\"text-2\" class=\"forminator-field-text forminator-col forminator-col-6 \"><div class=\"forminator-field\"><label for=\"forminator-field-text-2_69dff7b51d4a7\" id=\"forminator-field-text-2_69dff7b51d4a7-label\" class=\"forminator-label\">Prezime <span class=\"forminator-required\">*<\/span><\/label><input type=\"text\" name=\"text-2\" value=\"\" placeholder=\"\" id=\"forminator-field-text-2_69dff7b51d4a7\" class=\"forminator-input forminator-name--field\" data-required=\"1\" \/><\/div><\/div><\/div><div class=\"forminator-row\"><div id=\"email-1\" class=\"forminator-field-email forminator-col forminator-col-6 \"><div class=\"forminator-field\"><label for=\"forminator-field-email-1_69dff7b51d4a7\" id=\"forminator-field-email-1_69dff7b51d4a7-label\" class=\"forminator-label\">E-Mail adresa <span class=\"forminator-required\">*<\/span><\/label><input type=\"email\" name=\"email-1\" value=\"\" placeholder=\"\" id=\"forminator-field-email-1_69dff7b51d4a7\" class=\"forminator-input forminator-email--field\" data-required=\"1\" aria-required=\"true\" autocomplete=\"email\" \/><\/div><\/div><div id=\"phone-1\" class=\"forminator-field-phone forminator-col forminator-col-6 \"><div class=\"forminator-field\"><label for=\"forminator-field-phone-1_69dff7b51d4a7\" id=\"forminator-field-phone-1_69dff7b51d4a7-label\" class=\"forminator-label\">Broj telefona <span class=\"forminator-required\">*<\/span><\/label><input type=\"text\" name=\"phone-1\" value=\"\" placeholder=\"\" id=\"forminator-field-phone-1_69dff7b51d4a7\" class=\"forminator-input forminator-field--phone\" data-required=\"1\" aria-required=\"true\" autocomplete=\"off\" \/><\/div><\/div><\/div><\/div><\/div><div\n\t\t\t\ttabindex=\"-1\"\n\t\t\t\trole=\"tabpanel\"\n\t\t\t\tid=\"forminator-custom-form-31020--page-1\"\n\t\t\t\tclass=\"forminator-pagination\"\n\t\t\t\taria-labelledby=\"forminator-custom-form-31020--page-1-label\"\n\t\t\t\taria-hidden=\"true\"\n\t\t\t\tdata-step=\"1\"\n\t\t\t\tdata-label=\"Korak 1\"\n\t\t\t\tdata-actual-label=\"Korak 2\"\n\t\t\t\tdata-name=\"page-break-2\"\n\t\t\t\thidden\n\t\t\t><div class=\"forminator-pagination--content\"><div class=\"forminator-row\"><div id=\"section-1\" class=\"forminator-field-section forminator-col forminator-col-12 \"><div class=\"forminator-field\"><h3 class=\"forminator-subtitle\">Izaberite Va\u0161 status:<\/h3><\/div><\/div><\/div><div class=\"forminator-row\"><div id=\"radio-1\" class=\"forminator-field-radio forminator-col forminator-col-12 \"><div role=\"radiogroup\" class=\"forminator-field\" aria-labelledby=\"forminator-radiogroup-radio-1-69dff7b51d4a7-label\"><label id=\"forminator-field-radio-1-label-1\" for=\"forminator-field-radio-1-1-69dff7b51d4a7\" class=\"forminator-radio forminator-radio-inline\" title=\"Student\"><input type=\"radio\" name=\"radio-1\" value=\"one\" id=\"forminator-field-radio-1-1-69dff7b51d4a7\" aria-labelledby=\"forminator-field-radio-1-label-1\" data-calculation=\"0\"  \/><span class=\"forminator-radio-bullet\" aria-hidden=\"true\"><\/span><span class=\"forminator-radio-label\">Student<\/span><\/label><label id=\"forminator-field-radio-1-label-2\" for=\"forminator-field-radio-1-2-69dff7b51d4a7\" class=\"forminator-radio forminator-radio-inline\" title=\"Diplomac\"><input type=\"radio\" name=\"radio-1\" value=\"two\" id=\"forminator-field-radio-1-2-69dff7b51d4a7\" aria-labelledby=\"forminator-field-radio-1-label-2\" data-calculation=\"0\"  \/><span class=\"forminator-radio-bullet\" aria-hidden=\"true\"><\/span><span class=\"forminator-radio-label\">Diplomac<\/span><\/label><\/div><\/div><\/div><\/div><\/div><div\n\t\t\t\ttabindex=\"-1\"\n\t\t\t\trole=\"tabpanel\"\n\t\t\t\tid=\"forminator-custom-form-31020--page-2\"\n\t\t\t\tclass=\"forminator-pagination\"\n\t\t\t\taria-labelledby=\"forminator-custom-form-31020--page-2-label\"\n\t\t\t\taria-hidden=\"true\"\n\t\t\t\tdata-step=\"2\"\n\t\t\t\tdata-label=\"Korak 2\"\n\t\t\t\tdata-actual-label=\"Korak 3\"\n\t\t\t\tdata-name=\"page-break-3\"\n\t\t\t\thidden\n\t\t\t><div class=\"forminator-pagination--content\"><div class=\"forminator-row\"><div id=\"section-2\" class=\"forminator-field-section forminator-col forminator-col-12 \"><div class=\"forminator-field\"><h3 class=\"forminator-subtitle\">Zainteresovan\/a sam za (mogu\u0107e je ozna\u010diti vi\u0161e odgovora):<\/h3><\/div><\/div><\/div><div class=\"forminator-row\"><div id=\"checkbox-1\" class=\"forminator-field-checkbox forminator-col forminator-col-12 \"><div role=\"group\" class=\"forminator-field required\" aria-labelledby=\"forminator-checkbox-group-forminator-field-checkbox-1-69dff7b51d4a7-label\"><label id=\"forminator-field-checkbox-1-1-69dff7b51d4a7-label\" for=\"forminator-field-checkbox-1-1-69dff7b51d4a7\" class=\"forminator-checkbox forminator-checkbox-inline\" title=\"Volontiranje\"><input type=\"checkbox\" name=\"checkbox-1[]\" value=\"one\" id=\"forminator-field-checkbox-1-1-69dff7b51d4a7\" aria-labelledby=\"forminator-field-checkbox-1-1-69dff7b51d4a7-label\" data-calculation=\"0\"  \/><span class=\"forminator-checkbox-box\" aria-hidden=\"true\"><\/span><span class=\"forminator-checkbox-label\">Volontiranje<\/span><\/label><label id=\"forminator-field-checkbox-1-2-69dff7b51d4a7-label\" for=\"forminator-field-checkbox-1-2-69dff7b51d4a7\" class=\"forminator-checkbox forminator-checkbox-inline\" title=\"Stru\u010dnu praksu\"><input type=\"checkbox\" name=\"checkbox-1[]\" value=\"two\" id=\"forminator-field-checkbox-1-2-69dff7b51d4a7\" aria-labelledby=\"forminator-field-checkbox-1-2-69dff7b51d4a7-label\" data-calculation=\"0\"  \/><span class=\"forminator-checkbox-box\" aria-hidden=\"true\"><\/span><span class=\"forminator-checkbox-label\">Stru\u010dnu praksu<\/span><\/label><label id=\"forminator-field-checkbox-1-3-69dff7b51d4a7-label\" for=\"forminator-field-checkbox-1-3-69dff7b51d4a7\" class=\"forminator-checkbox forminator-checkbox-inline\" title=\"Poslove po ugovoru\"><input type=\"checkbox\" name=\"checkbox-1[]\" value=\"Poslove-po-ugovoru\" id=\"forminator-field-checkbox-1-3-69dff7b51d4a7\" aria-labelledby=\"forminator-field-checkbox-1-3-69dff7b51d4a7-label\" data-calculation=\"0\"  \/><span class=\"forminator-checkbox-box\" aria-hidden=\"true\"><\/span><span class=\"forminator-checkbox-label\">Poslove po ugovoru<\/span><\/label><label id=\"forminator-field-checkbox-1-4-69dff7b51d4a7-label\" for=\"forminator-field-checkbox-1-4-69dff7b51d4a7\" class=\"forminator-checkbox forminator-checkbox-inline\" title=\"Stalni radni odnos\"><input type=\"checkbox\" name=\"checkbox-1[]\" value=\"Stalni-radani-odnos\" id=\"forminator-field-checkbox-1-4-69dff7b51d4a7\" aria-labelledby=\"forminator-field-checkbox-1-4-69dff7b51d4a7-label\" data-calculation=\"0\"  \/><span class=\"forminator-checkbox-box\" aria-hidden=\"true\"><\/span><span class=\"forminator-checkbox-label\">Stalni radni odnos<\/span><\/label><\/div><\/div><\/div><\/div><\/div><div\n\t\t\t\ttabindex=\"-1\"\n\t\t\t\trole=\"tabpanel\"\n\t\t\t\tid=\"forminator-custom-form-31020--page-3\"\n\t\t\t\tclass=\"forminator-pagination\"\n\t\t\t\taria-labelledby=\"forminator-custom-form-31020--page-3-label\"\n\t\t\t\taria-hidden=\"true\"\n\t\t\t\tdata-step=\"3\"\n\t\t\t\tdata-label=\"Korak 3\"\n\t\t\t\tdata-actual-label=\"Korak 4\"\n\t\t\t\tdata-name=\"page-break-4\"\n\t\t\t\thidden\n\t\t\t><div class=\"forminator-pagination--content\"><div class=\"forminator-row\"><div id=\"section-3\" class=\"forminator-field-section forminator-col forminator-col-12 \"><div class=\"forminator-field\"><h3 class=\"forminator-subtitle\">Zainteresovan\/a sam da radim u slede\u0107im oblastima (mogu\u0107e je ozna\u010diti vi\u0161e odgovora):<\/h3><\/div><\/div><\/div><div class=\"forminator-row\"><div id=\"checkbox-2\" class=\"forminator-field-checkbox forminator-col forminator-col-12 \"><div role=\"group\" class=\"forminator-field required\" aria-labelledby=\"forminator-checkbox-group-forminator-field-checkbox-2-69dff7b51d4a7-label\"><label id=\"forminator-field-checkbox-2-1-69dff7b51d4a7-label\" for=\"forminator-field-checkbox-2-1-69dff7b51d4a7\" class=\"forminator-checkbox\" title=\"Ra\u010dunovodstvo\"><input type=\"checkbox\" name=\"checkbox-2[]\" value=\"one\" id=\"forminator-field-checkbox-2-1-69dff7b51d4a7\" aria-labelledby=\"forminator-field-checkbox-2-1-69dff7b51d4a7-label\" data-calculation=\"0\"  \/><span class=\"forminator-checkbox-box\" aria-hidden=\"true\"><\/span><span class=\"forminator-checkbox-label\">Ra\u010dunovodstvo<\/span><\/label><label id=\"forminator-field-checkbox-2-2-69dff7b51d4a7-label\" for=\"forminator-field-checkbox-2-2-69dff7b51d4a7\" class=\"forminator-checkbox\" title=\"Finansije\"><input type=\"checkbox\" name=\"checkbox-2[]\" value=\"two\" id=\"forminator-field-checkbox-2-2-69dff7b51d4a7\" aria-labelledby=\"forminator-field-checkbox-2-2-69dff7b51d4a7-label\" data-calculation=\"0\"  \/><span class=\"forminator-checkbox-box\" aria-hidden=\"true\"><\/span><span class=\"forminator-checkbox-label\">Finansije<\/span><\/label><label id=\"forminator-field-checkbox-2-3-69dff7b51d4a7-label\" for=\"forminator-field-checkbox-2-3-69dff7b51d4a7\" class=\"forminator-checkbox\" title=\"Bankarstvo\"><input type=\"checkbox\" name=\"checkbox-2[]\" value=\"Poslove-po-ugovoru\" id=\"forminator-field-checkbox-2-3-69dff7b51d4a7\" aria-labelledby=\"forminator-field-checkbox-2-3-69dff7b51d4a7-label\" data-calculation=\"0\"  \/><span class=\"forminator-checkbox-box\" aria-hidden=\"true\"><\/span><span class=\"forminator-checkbox-label\">Bankarstvo<\/span><\/label><label id=\"forminator-field-checkbox-2-4-69dff7b51d4a7-label\" for=\"forminator-field-checkbox-2-4-69dff7b51d4a7\" class=\"forminator-checkbox\" title=\"Osiguranje i lizing\"><input type=\"checkbox\" name=\"checkbox-2[]\" value=\"Stalni-radani-odnos\" id=\"forminator-field-checkbox-2-4-69dff7b51d4a7\" aria-labelledby=\"forminator-field-checkbox-2-4-69dff7b51d4a7-label\" data-calculation=\"0\"  \/><span class=\"forminator-checkbox-box\" aria-hidden=\"true\"><\/span><span class=\"forminator-checkbox-label\">Osiguranje i lizing<\/span><\/label><label id=\"forminator-field-checkbox-2-5-69dff7b51d4a7-label\" for=\"forminator-field-checkbox-2-5-69dff7b51d4a7\" class=\"forminator-checkbox\" title=\"Menad\u017ement\"><input type=\"checkbox\" name=\"checkbox-2[]\" value=\"Menad\u017ement\" id=\"forminator-field-checkbox-2-5-69dff7b51d4a7\" aria-labelledby=\"forminator-field-checkbox-2-5-69dff7b51d4a7-label\" data-calculation=\"0\"  \/><span class=\"forminator-checkbox-box\" aria-hidden=\"true\"><\/span><span class=\"forminator-checkbox-label\">Menad\u017ement<\/span><\/label><label id=\"forminator-field-checkbox-2-6-69dff7b51d4a7-label\" for=\"forminator-field-checkbox-2-6-69dff7b51d4a7\" class=\"forminator-checkbox\" title=\"Organizacija\"><input type=\"checkbox\" name=\"checkbox-2[]\" value=\"Organizacija\" id=\"forminator-field-checkbox-2-6-69dff7b51d4a7\" aria-labelledby=\"forminator-field-checkbox-2-6-69dff7b51d4a7-label\" data-calculation=\"0\"  \/><span class=\"forminator-checkbox-box\" aria-hidden=\"true\"><\/span><span class=\"forminator-checkbox-label\">Organizacija<\/span><\/label><label id=\"forminator-field-checkbox-2-7-69dff7b51d4a7-label\" for=\"forminator-field-checkbox-2-7-69dff7b51d4a7\" class=\"forminator-checkbox\" title=\"IT\"><input type=\"checkbox\" name=\"checkbox-2[]\" value=\"IT\" id=\"forminator-field-checkbox-2-7-69dff7b51d4a7\" aria-labelledby=\"forminator-field-checkbox-2-7-69dff7b51d4a7-label\" data-calculation=\"0\"  \/><span class=\"forminator-checkbox-box\" aria-hidden=\"true\"><\/span><span class=\"forminator-checkbox-label\">IT<\/span><\/label><label id=\"forminator-field-checkbox-2-8-69dff7b51d4a7-label\" for=\"forminator-field-checkbox-2-8-69dff7b51d4a7\" class=\"forminator-checkbox\" title=\"Administracija\"><input type=\"checkbox\" name=\"checkbox-2[]\" value=\"Administracija\" id=\"forminator-field-checkbox-2-8-69dff7b51d4a7\" aria-labelledby=\"forminator-field-checkbox-2-8-69dff7b51d4a7-label\" data-calculation=\"0\"  \/><span class=\"forminator-checkbox-box\" aria-hidden=\"true\"><\/span><span class=\"forminator-checkbox-label\">Administracija<\/span><\/label><label id=\"forminator-field-checkbox-2-9-69dff7b51d4a7-label\" for=\"forminator-field-checkbox-2-9-69dff7b51d4a7\" class=\"forminator-checkbox\" title=\"Ljudski resursi\"><input type=\"checkbox\" name=\"checkbox-2[]\" value=\"Ljudski-resursi\" id=\"forminator-field-checkbox-2-9-69dff7b51d4a7\" aria-labelledby=\"forminator-field-checkbox-2-9-69dff7b51d4a7-label\" data-calculation=\"0\"  \/><span class=\"forminator-checkbox-box\" aria-hidden=\"true\"><\/span><span class=\"forminator-checkbox-label\">Ljudski resursi<\/span><\/label><label id=\"forminator-field-checkbox-2-10-69dff7b51d4a7-label\" for=\"forminator-field-checkbox-2-10-69dff7b51d4a7\" class=\"forminator-checkbox\" title=\"Logistika\"><input type=\"checkbox\" name=\"checkbox-2[]\" value=\"Logistika\" id=\"forminator-field-checkbox-2-10-69dff7b51d4a7\" aria-labelledby=\"forminator-field-checkbox-2-10-69dff7b51d4a7-label\" data-calculation=\"0\"  \/><span class=\"forminator-checkbox-box\" aria-hidden=\"true\"><\/span><span class=\"forminator-checkbox-label\">Logistika<\/span><\/label><label id=\"forminator-field-checkbox-2-11-69dff7b51d4a7-label\" for=\"forminator-field-checkbox-2-11-69dff7b51d4a7\" class=\"forminator-checkbox\" title=\"Marketing, promocija i PR\"><input type=\"checkbox\" name=\"checkbox-2[]\" value=\"Marketing,-promocija-i-PR\" id=\"forminator-field-checkbox-2-11-69dff7b51d4a7\" aria-labelledby=\"forminator-field-checkbox-2-11-69dff7b51d4a7-label\" data-calculation=\"0\"  \/><span class=\"forminator-checkbox-box\" aria-hidden=\"true\"><\/span><span class=\"forminator-checkbox-label\">Marketing, promocija i PR<\/span><\/label><label id=\"forminator-field-checkbox-2-12-69dff7b51d4a7-label\" for=\"forminator-field-checkbox-2-12-69dff7b51d4a7\" class=\"forminator-checkbox\" title=\"Trgovina i prodaja\"><input type=\"checkbox\" name=\"checkbox-2[]\" value=\"Trgovina-i-prodaja\" id=\"forminator-field-checkbox-2-12-69dff7b51d4a7\" aria-labelledby=\"forminator-field-checkbox-2-12-69dff7b51d4a7-label\" data-calculation=\"0\"  \/><span class=\"forminator-checkbox-box\" aria-hidden=\"true\"><\/span><span class=\"forminator-checkbox-label\">Trgovina i prodaja<\/span><\/label><label id=\"forminator-field-checkbox-2-13-69dff7b51d4a7-label\" for=\"forminator-field-checkbox-2-13-69dff7b51d4a7\" class=\"forminator-checkbox\" title=\"Turizam i ugostiteljstvo\"><input type=\"checkbox\" name=\"checkbox-2[]\" value=\"Turizam-i-ugostiteljstvo\" id=\"forminator-field-checkbox-2-13-69dff7b51d4a7\" aria-labelledby=\"forminator-field-checkbox-2-13-69dff7b51d4a7-label\" data-calculation=\"0\"  \/><span class=\"forminator-checkbox-box\" aria-hidden=\"true\"><\/span><span class=\"forminator-checkbox-label\">Turizam i ugostiteljstvo<\/span><\/label><\/div><\/div><\/div><\/div><\/div><div\n\t\t\t\ttabindex=\"-1\"\n\t\t\t\trole=\"tabpanel\"\n\t\t\t\tid=\"forminator-custom-form-31020--page-4\"\n\t\t\t\tclass=\"forminator-pagination\"\n\t\t\t\taria-labelledby=\"forminator-custom-form-31020--page-4-label\"\n\t\t\t\taria-hidden=\"true\"\n\t\t\t\tdata-step=\"4\"\n\t\t\t\tdata-label=\"Korak 4\"\n\t\t\t\tdata-actual-label=\"Prijava\"\n\t\t\t\tdata-name=\"\"\n\t\t\t\thidden\n\t\t\t><div class=\"forminator-pagination--content\"><div class=\"forminator-row\"><div id=\"section-4\" class=\"forminator-field-section forminator-col forminator-col-12 \"><div class=\"forminator-field\"><h3 class=\"forminator-subtitle\">Ukoliko imate popunjen svoj CV mo\u017eete ga predati klikom na taster ispod (dozvoljeni formati: doc, docx, pdf):<\/h3><\/div><\/div><\/div><div class=\"forminator-row\"><div id=\"upload-1\" class=\"forminator-field-upload forminator-col forminator-col-12 \"><div class=\"forminator-field\"><div class=\"forminator-file-upload \" data-element=\"upload-1_69dff7b51d4a7\"><input type=\"file\" name=\"upload-1\" id=\"forminator-field-upload-1_69dff7b51d4a7\" class=\"forminator-input-file\" accept=\".jpg,.jpeg,.jpe,.gif,.png,.bmp,.tiff,.tif,.webp,.ico,.heic,.asf,.asx,.wmv,.wmx,.wm,.avi,.divx,.flv,.mov,.qt,.mpeg,.mpg,.mpe,.mp4,.m4v,.ogv,.webm,.mkv,.3gp,.3gpp,.3g2,.3gp2,.txt,.asc,.c,.cc,.h,.srt,.csv,.tsv,.ics,.rtx,.vtt,.mp3,.m4a,.m4b,.aac,.ra,.ram,.wav,.ogg,.oga,.flac,.mid,.midi,.wma,.wax,.mka,.rtf,.pdf,.class,.tar,.zip,.gz,.gzip,.7z,.psd,.xcf,.doc,.pot,.pps,.ppt,.wri,.xla,.xls,.xlt,.xlw,.mdb,.mpp,.docx,.docm,.dotx,.dotm,.xlsx,.xlsm,.xlsb,.xltx,.xltm,.xlam,.pptx,.pptm,.ppsx,.ppsm,.potx,.potm,.ppam,.sldx,.sldm,.onetoc,.onetoc2,.onetmp,.onepkg,.oxps,.xps,.odt,.odp,.ods,.odg,.odc,.odb,.odf,.wp,.wpd,.key,.numbers,.pages,.json\" tabindex=\"-1\"><button id=\"forminator-field-upload-1_69dff7b51d4a7_button\" class=\"forminator-button forminator-button-upload\" data-id=\"forminator-field-upload-1_69dff7b51d4a7\">Choose File<\/button><span data-empty-text=\"No file chosen\">No file chosen<\/span><button class=\"forminator-button-delete\" style=\"display: none;\"><i class=\"forminator-icon-close\" aria-hidden=\"true\"><\/i><span class=\"forminator-screen-reader-only\">Delete uploaded file<\/span><\/button><\/div><\/div><\/div><\/div><div class=\"forminator-row\"><div id=\"captcha-1\" class=\"forminator-field-captcha forminator-col forminator-col-12 \"><div class=\"forminator-captcha-left forminator-g-recaptcha\" data-theme=\"light\"  data-sitekey=\"6LdOxRYsAAAAAJhs0YAlD9tUgf1hKAPvvfCTZyfC\" data-size=\"normal\"><\/div> <\/div><\/div><\/div><button class=\"forminator-button forminator-pagination-submit\" style=\"display: none;\" disabled><span class=\"forminator-button--mask\" aria-label=\"hidden\"><\/span><span class=\"forminator-button--text\">Po&scaron;aljite prijavu<\/span><\/button><\/div><input type=\"hidden\" name=\"referer_url\" value=\"\" \/><input type=\"hidden\" id=\"forminator_nonce\" name=\"forminator_nonce\" value=\"aa34c5f5bd\" \/><input type=\"hidden\" name=\"_wp_http_referer\" value=\"\/index.php\/wp-json\/wp\/v2\/pages\/31022\" \/><input type=\"hidden\" name=\"form_id\" value=\"31020\"><input type=\"hidden\" name=\"page_id\" value=\"31022\"><input type=\"hidden\" name=\"form_type\" value=\"default\"><input type=\"hidden\" name=\"current_url\" value=\"https:\/\/va.akademijazs.edu.rs\/index.php\/prijava-za-cvbook\/\"><input type=\"hidden\" name=\"render_id\" value=\"0\"><input type=\"hidden\" name=\"action\" value=\"forminator_submit_form_custom-forms\"><\/form>\n","protected":false},"excerpt":{"rendered":"<p>CV Book je baza podataka o studentima i diplomcima valjevskog odseka Akademije koja je neophodna za povezivanje odgovaraju\u0107ih kandidata sa potencijalnim poslodavcima, a sa ciljem pove\u0107anja zapo\u0161ljivosti. Ako ste u potrazi za poslom, pozivamo Vas da ostavite svoje podatke. Ukoliko se uka\u017ee potreba za kadrovima kod poslovnih partnera Akademije, a u \u010diji profil se uklapate,&hellip; <br \/> <a class=\"read-more\" href=\"https:\/\/va.akademijazs.edu.rs\/index.php\/prijava-za-cvbook\/\">Op\u0161irnije&#8230;<\/a><\/p>\n","protected":false},"author":11,"featured_media":0,"parent":0,"menu_order":0,"comment_status":"closed","ping_status":"closed","template":"","meta":{"_monsterinsights_skip_tracking":false,"_monsterinsights_sitenote_active":false,"_monsterinsights_sitenote_note":"","_monsterinsights_sitenote_category":0,"footnotes":""},"class_list":["post-31022","page","type-page","status-publish","hentry","wpautop"],"_links":{"self":[{"href":"https:\/\/va.akademijazs.edu.rs\/index.php\/wp-json\/wp\/v2\/pages\/31022","targetHints":{"allow":["GET"]}}],"collection":[{"href":"https:\/\/va.akademijazs.edu.rs\/index.php\/wp-json\/wp\/v2\/pages"}],"about":[{"href":"https:\/\/va.akademijazs.edu.rs\/index.php\/wp-json\/wp\/v2\/types\/page"}],"author":[{"embeddable":true,"href":"https:\/\/va.akademijazs.edu.rs\/index.php\/wp-json\/wp\/v2\/users\/11"}],"replies":[{"embeddable":true,"href":"https:\/\/va.akademijazs.edu.rs\/index.php\/wp-json\/wp\/v2\/comments?post=31022"}],"version-history":[{"count":11,"href":"https:\/\/va.akademijazs.edu.rs\/index.php\/wp-json\/wp\/v2\/pages\/31022\/revisions"}],"predecessor-version":[{"id":31108,"href":"https:\/\/va.akademijazs.edu.rs\/index.php\/wp-json\/wp\/v2\/pages\/31022\/revisions\/31108"}],"wp:attachment":[{"href":"https:\/\/va.akademijazs.edu.rs\/index.php\/wp-json\/wp\/v2\/media?parent=31022"}],"curies":[{"name":"wp","href":"https:\/\/api.w.org\/{rel}","templated":true}]}}