{"id":5709,"date":"2015-06-09T09:24:59","date_gmt":"2015-06-09T07:24:59","guid":{"rendered":"http:\/\/wordpress.vipos.rs\/?page_id=5709"},"modified":"2024-05-22T13:02:48","modified_gmt":"2024-05-22T11:02:48","slug":"knjiga-predmeta-2012","status":"publish","type":"page","link":"https:\/\/va.akademijazs.edu.rs\/index.php\/knjiga-predmeta-2012\/","title":{"rendered":"Knjiga predmeta 2012"},"content":{"rendered":"<div class=\"wpb-content-wrapper\"><p>[vc_row][vc_column][vc_column_text css=&#8221;&#8221;]<div id=\"upl-list-34311\" class=\"upl-list\">\n<ul>\n<li><div class=\"upl-post-title\"><a href=\"https:\/\/va.akademijazs.edu.rs\/index.php\/2012\/09\/25\/analizaposlovanja\/\">Analiza poslovanja, APO<\/a><\/div><\/li>\n<li><div class=\"upl-post-title\"><a href=\"https:\/\/va.akademijazs.edu.rs\/index.php\/2012\/09\/25\/bankarstvo\/\">Bankarstvo, BAN<\/a><\/div><\/li>\n<li><div class=\"upl-post-title\"><a href=\"https:\/\/va.akademijazs.edu.rs\/index.php\/2012\/09\/25\/baze-podataka-bzp\/\">Baze podataka, BZP<\/a><\/div><\/li>\n<li><div class=\"upl-post-title\"><a href=\"https:\/\/va.akademijazs.edu.rs\/index.php\/2012\/09\/25\/budetsko-raunovodstvo\/\">Bud\u017eetsko ra\u010dunovodstvo<\/a><\/div><\/li>\n<li><div class=\"upl-post-title\"><a href=\"https:\/\/va.akademijazs.edu.rs\/index.php\/2012\/09\/25\/ekonomija-eko\/\">Ekonomija, EKO<\/a><\/div><\/li>\n<li><div class=\"upl-post-title\"><a href=\"https:\/\/va.akademijazs.edu.rs\/index.php\/2012\/09\/25\/elektronsko-poslovanje-epo\/\">Elektronsko poslovanje, EPO<\/a><\/div><\/li>\n<li><div class=\"upl-post-title\"><a href=\"https:\/\/va.akademijazs.edu.rs\/index.php\/2012\/09\/25\/engleski-1-en1\/\">Engleski 1, EN1<\/a><\/div><\/li>\n<li><div class=\"upl-post-title\"><a href=\"https:\/\/va.akademijazs.edu.rs\/index.php\/2012\/09\/25\/engleski-2-za-ekonomiste-e2e\/\">Engleski 2 za ekonomiste, E2E<\/a><\/div><\/li>\n<li><div class=\"upl-post-title\"><a href=\"https:\/\/va.akademijazs.edu.rs\/index.php\/2012\/09\/25\/engleski-2-za-informatiare-e2i\/\">Engleski 2 za informati\u010dare, E2I<\/a><\/div><\/li>\n<li><div class=\"upl-post-title\"><a href=\"https:\/\/va.akademijazs.edu.rs\/index.php\/2012\/09\/25\/engleski-2-za-menadere-e2m\/\">Engleski 2 za menad\u017eere, E2M<\/a><\/div><\/li>\n<li><div class=\"upl-post-title\"><a href=\"https:\/\/va.akademijazs.edu.rs\/index.php\/2012\/09\/25\/engleski-3-za-ekonomiste-e3e\/\">Engleski 3 za ekonomiste, E3E<\/a><\/div><\/li>\n<li><div class=\"upl-post-title\"><a href=\"https:\/\/va.akademijazs.edu.rs\/index.php\/2012\/09\/25\/engleski-3-za-informatiare-e3i\/\">Engleski 3 za informati\u010dare, E3I<\/a><\/div><\/li>\n<li><div class=\"upl-post-title\"><a href=\"https:\/\/va.akademijazs.edu.rs\/index.php\/2012\/09\/25\/engleski-3-za-menadere-e3m\/\">Engleski 3 za menad\u017eere, E3M<\/a><\/div><\/li>\n<li><div class=\"upl-post-title\"><a href=\"https:\/\/va.akademijazs.edu.rs\/index.php\/2012\/09\/25\/finansijska-kontrola-i-revizija\/\">Finansijska kontrola i revizija, FKR<\/a><\/div><\/li>\n<li><div class=\"upl-post-title\"><a href=\"https:\/\/va.akademijazs.edu.rs\/index.php\/2012\/09\/25\/finansijska-trita-ftr\/\">Finansijska tr\u017ei\u0161ta, FTR<\/a><\/div><\/li>\n<li><div class=\"upl-post-title\"><a href=\"https:\/\/va.akademijazs.edu.rs\/index.php\/2012\/09\/25\/finansijsko-raunovodstvo-frn\/\">Finansijsko ra\u010dunovodstvo, FRN<\/a><\/div><\/li>\n<li><div class=\"upl-post-title\"><a href=\"https:\/\/va.akademijazs.edu.rs\/index.php\/2012\/09\/25\/fiskalni-sistemi\/\">Fiskalni sistemi, FIS<\/a><\/div><\/li>\n<li><div class=\"upl-post-title\"><a href=\"https:\/\/va.akademijazs.edu.rs\/index.php\/2012\/09\/25\/internet-i-obrada-podataka-iop\/\">Internet i obrada podataka, IOP<\/a><\/div><\/li>\n<li><div class=\"upl-post-title\"><a href=\"https:\/\/va.akademijazs.edu.rs\/index.php\/2012\/09\/25\/internet-pravo-ipr\/\">Internet pravo, IPR<\/a><\/div><\/li>\n<li><div class=\"upl-post-title\"><a href=\"https:\/\/va.akademijazs.edu.rs\/index.php\/2012\/09\/25\/istraivanje-trita-itr\/\">Istra\u017eivanje tr\u017ei\u0161ta, ITR<\/a><\/div><\/li>\n<li><div class=\"upl-post-title\"><a href=\"https:\/\/va.akademijazs.edu.rs\/index.php\/2012\/09\/25\/kvantitativne-metode-kvm\/\">Kvantitativne metode, KVM<\/a><\/div><\/li>\n<li><div class=\"upl-post-title\"><a href=\"https:\/\/va.akademijazs.edu.rs\/index.php\/2012\/09\/25\/marketing-mar\/\">Marketing, MAR<\/a><\/div><\/li>\n<li><div class=\"upl-post-title\"><a href=\"https:\/\/va.akademijazs.edu.rs\/index.php\/2012\/09\/25\/marketing-usluga-mus\/\">Marketing usluga, MUS<\/a><\/div><\/li>\n<li><div class=\"upl-post-title\"><a href=\"https:\/\/va.akademijazs.edu.rs\/index.php\/2012\/09\/25\/meunarodno-poslovno-pravo-mpp\/\">Me\u0111unarodno poslovno pravo, MPP<\/a><\/div><\/li>\n<li><div class=\"upl-post-title\"><a href=\"https:\/\/va.akademijazs.edu.rs\/index.php\/2012\/09\/25\/meunarodna-raunovodstvena-regulativa-mrr\/\">Me\u0111unarodna ra\u010dunovodstvena regulativa , MRR<\/a><\/div><\/li>\n<li><div class=\"upl-post-title\"><a href=\"https:\/\/va.akademijazs.edu.rs\/index.php\/2012\/09\/25\/meunarodni-biznis-meb\/\">Me\u0111unarodni biznis, MEB<\/a><\/div><\/li>\n<li><div class=\"upl-post-title\"><a href=\"https:\/\/va.akademijazs.edu.rs\/index.php\/2012\/09\/25\/meunarodni-marketing-mmt\/\">Me\u0111unarodni marketing, MMT<\/a><\/div><\/li>\n<li><div class=\"upl-post-title\"><a href=\"https:\/\/va.akademijazs.edu.rs\/index.php\/2012\/09\/25\/meunarodni-menadment-mem\/\">Me\u0111unarodni menad\u017ement, MEM<\/a><\/div><\/li>\n<li><div class=\"upl-post-title\"><a href=\"https:\/\/va.akademijazs.edu.rs\/index.php\/2012\/09\/25\/menadment-ljudskih-resursa-hrm\/\">Menad\u017ement ljudskih resursa, HRM<\/a><\/div><\/li>\n<li><div class=\"upl-post-title\"><a href=\"https:\/\/va.akademijazs.edu.rs\/index.php\/2012\/09\/25\/menadment-men\/\">Menad\u017ement, MEN<\/a><\/div><\/li>\n<li><div class=\"upl-post-title\"><a href=\"https:\/\/va.akademijazs.edu.rs\/index.php\/2012\/09\/25\/menadment-prodaje-mnp\/\">Menad\u017ement prodaje, MNP<\/a><\/div><\/li>\n<li><div class=\"upl-post-title\"><a href=\"https:\/\/va.akademijazs.edu.rs\/index.php\/2012\/09\/25\/nemaki-jezik-nem\/\">Nema\u010dki jezik, NEM<\/a><\/div><\/li>\n<li><div class=\"upl-post-title\"><a href=\"https:\/\/va.akademijazs.edu.rs\/index.php\/2012\/09\/25\/osiguranje\/\">Osiguranje, OSI<\/a><\/div><\/li>\n<li><div class=\"upl-post-title\"><a href=\"https:\/\/va.akademijazs.edu.rs\/index.php\/2012\/09\/25\/osnovi-poslovnog-prava-opp\/\">Osnovi poslovnog prava, OPP<\/a><\/div><\/li>\n<li><div class=\"upl-post-title\"><a href=\"https:\/\/va.akademijazs.edu.rs\/index.php\/2012\/09\/25\/osnovi-raunovodstva-orn\/\">Osnovi ra\u010dunovodstva, ORN<\/a><\/div><\/li>\n<li><div class=\"upl-post-title\"><a href=\"https:\/\/va.akademijazs.edu.rs\/index.php\/2012\/09\/25\/ponaanje-potroaa\/\">Pona\u0161anje potro\u0161a\u010da, POP<\/a><\/div><\/li>\n<li><div class=\"upl-post-title\"><a href=\"https:\/\/va.akademijazs.edu.rs\/index.php\/2012\/09\/25\/poslovanje-osiguravajuih-drutava\/\">Poslovanje osiguravaju\u0107ih dru\u0161tava<\/a><\/div><\/li>\n<li><div class=\"upl-post-title\"><a href=\"https:\/\/va.akademijazs.edu.rs\/index.php\/2012\/09\/25\/poslovna-politika-banaka\/\">Poslovna politika banaka<\/a><\/div><\/li>\n<li><div class=\"upl-post-title\"><a href=\"https:\/\/va.akademijazs.edu.rs\/index.php\/2012\/09\/25\/poslovna-logistika-plg\/\">Poslovna logistika, PLG<\/a><\/div><\/li>\n<li><div class=\"upl-post-title\"><a href=\"https:\/\/va.akademijazs.edu.rs\/index.php\/2012\/09\/25\/poslovne-finansije-pfi\/\">Poslovne finansije, PFI<\/a><\/div><\/li>\n<li><div class=\"upl-post-title\"><a href=\"https:\/\/va.akademijazs.edu.rs\/index.php\/2012\/09\/25\/poslovni-informacioni-sistemi-pis\/\">Poslovni informacioni sistemi, PIS<\/a><\/div><\/li>\n<li><div class=\"upl-post-title\"><a href=\"https:\/\/va.akademijazs.edu.rs\/index.php\/2012\/09\/25\/poslovno-izvetavanje-piz\/\">Poslovno izve\u0161tavanje, PIZ<\/a><\/div><\/li>\n<li><div class=\"upl-post-title\"><a href=\"https:\/\/va.akademijazs.edu.rs\/index.php\/2012\/09\/25\/poslovno-komuniciranje-pko\/\">Poslovno komuniciranje, PKO<\/a><\/div><\/li>\n<li><div class=\"upl-post-title\"><a href=\"https:\/\/va.akademijazs.edu.rs\/index.php\/2012\/09\/25\/pravo-javne-uprave\/\">Pravo javne uprave<\/a><\/div><\/li>\n<li><div class=\"upl-post-title\"><a href=\"https:\/\/va.akademijazs.edu.rs\/index.php\/2012\/09\/25\/preduzetnitvo-pdz\/\">Preduzetni\u0161tvo, PDZ<\/a><\/div><\/li>\n<li><div class=\"upl-post-title\"><a href=\"https:\/\/va.akademijazs.edu.rs\/index.php\/2012\/09\/25\/programiranje-prg\/\">Programiranje, PRG<\/a><\/div><\/li>\n<li><div class=\"upl-post-title\"><a href=\"https:\/\/va.akademijazs.edu.rs\/index.php\/2012\/09\/25\/projekat-iz-finansija-i-raunovodstva\/\">Projekat iz finansija i ra\u010dunovodstva, IPPE4<\/a><\/div><\/li>\n<li><div class=\"upl-post-title\"><a href=\"https:\/\/va.akademijazs.edu.rs\/index.php\/2012\/09\/25\/projekat-iz-marketing-istraivanja\/\">Projekat iz marketing istra\u017eivanja, IPPE4<\/a><\/div><\/li>\n<li><div class=\"upl-post-title\"><a href=\"https:\/\/va.akademijazs.edu.rs\/index.php\/2012\/09\/25\/projekat-iz-finansija-bankarstva-i-osiguranja\/\">Projekat iz finansija, bankarstva i osiguranja<\/a><\/div><\/li>\n<li><div class=\"upl-post-title\"><a href=\"https:\/\/va.akademijazs.edu.rs\/index.php\/2012\/09\/25\/projekat-iz-marketinga-i-trgovine\/\">Projekat iz marketinga i trgovine<\/a><\/div><\/li>\n<li><div class=\"upl-post-title\"><a href=\"https:\/\/va.akademijazs.edu.rs\/index.php\/2012\/09\/25\/projekat-iz-raunovodstva-revizije-i-poreza\/\">Projekat iz ra\u010dunovodstva, revizije i poreza<\/a><\/div><\/li>\n<li><div class=\"upl-post-title\"><a href=\"https:\/\/va.akademijazs.edu.rs\/index.php\/2012\/09\/25\/projekat-iz-baza-podataka\/\">Projekat iz baza podataka<\/a><\/div><\/li>\n<li><div class=\"upl-post-title\"><a href=\"https:\/\/va.akademijazs.edu.rs\/index.php\/2012\/09\/25\/projekat-iz-internet-tehnologija\/\">Projekat iz Internet tehnologija<\/a><\/div><\/li>\n<li><div class=\"upl-post-title\"><a href=\"https:\/\/va.akademijazs.edu.rs\/index.php\/2012\/09\/25\/projekat-iz-programiranja-i-informacionih-sistema\/\">Projekat iz programiranja i informacionih sistema<\/a><\/div><\/li>\n<li><div class=\"upl-post-title\"><a href=\"https:\/\/va.akademijazs.edu.rs\/index.php\/2012\/09\/25\/projekat-iz-meunarodne-poslovne-administracije-pmpa\/\">Projekat iz Me\u0111unarodne poslovne administracije , PMPA<\/a><\/div><\/li>\n<li><div class=\"upl-post-title\"><a href=\"https:\/\/va.akademijazs.edu.rs\/index.php\/2012\/09\/25\/projekat-iz-finansija\/\">Projekat iz finansija<\/a><\/div><\/li>\n<li><div class=\"upl-post-title\"><a href=\"https:\/\/va.akademijazs.edu.rs\/index.php\/2012\/09\/25\/projekat-iz-poslovnog-izvetavanja\/\">Projekat iz Poslovnog izve\u0161tavanja<\/a><\/div><\/li>\n<li><div class=\"upl-post-title\"><a href=\"https:\/\/va.akademijazs.edu.rs\/index.php\/2012\/09\/25\/projekt-menadment-prm\/\">Projekt menad\u017ement, PRM<\/a><\/div><\/li>\n<li><div class=\"upl-post-title\"><a href=\"https:\/\/va.akademijazs.edu.rs\/index.php\/2012\/09\/25\/raunarske-mree-rnm\/\">Ra\u010dunarske mre\u017ee, RNM<\/a><\/div><\/li>\n<li><div class=\"upl-post-title\"><a href=\"https:\/\/va.akademijazs.edu.rs\/index.php\/2012\/09\/25\/spoljnotrgovinsko-poslovanje-stp\/\">Spoljnotrgovinsko poslovanje, STP<\/a><\/div><\/li>\n<li><div class=\"upl-post-title\"><a href=\"https:\/\/va.akademijazs.edu.rs\/index.php\/2012\/09\/25\/uvod-u-poslovnu-informatiku-upi\/\">Uvod u poslovnu informatiku, UPI<\/a><\/div><\/li>\n<li><div class=\"upl-post-title\"><a href=\"https:\/\/va.akademijazs.edu.rs\/index.php\/2012\/09\/25\/veb-dizajn-vbd\/\">Veb dizajn, VBD<\/a><\/div><\/li>\n<li><div class=\"upl-post-title\"><a href=\"https:\/\/va.akademijazs.edu.rs\/index.php\/2015\/09\/23\/prakticna-strukovna-nastava\/\">Prakti\u010dna strukovna nastava, PSN<\/a><\/div><\/li>\n<\/ul>\n<\/div>\n[\/vc_column_text][\/vc_column][\/vc_row]<\/p>\n<\/div>","protected":false},"excerpt":{"rendered":"<p>[vc_row][vc_column][vc_column_text css=&#8221;&#8221;][\/vc_column_text][\/vc_column][\/vc_row]<\/p>\n","protected":false},"author":2,"featured_media":0,"parent":0,"menu_order":0,"comment_status":"closed","ping_status":"closed","template":"","meta":{"_monsterinsights_skip_tracking":false,"_monsterinsights_sitenote_active":false,"_monsterinsights_sitenote_note":"","_monsterinsights_sitenote_category":0,"footnotes":""},"class_list":["post-5709","page","type-page","status-publish","hentry","wpautop"],"_links":{"self":[{"href":"https:\/\/va.akademijazs.edu.rs\/index.php\/wp-json\/wp\/v2\/pages\/5709","targetHints":{"allow":["GET"]}}],"collection":[{"href":"https:\/\/va.akademijazs.edu.rs\/index.php\/wp-json\/wp\/v2\/pages"}],"about":[{"href":"https:\/\/va.akademijazs.edu.rs\/index.php\/wp-json\/wp\/v2\/types\/page"}],"author":[{"embeddable":true,"href":"https:\/\/va.akademijazs.edu.rs\/index.php\/wp-json\/wp\/v2\/users\/2"}],"replies":[{"embeddable":true,"href":"https:\/\/va.akademijazs.edu.rs\/index.php\/wp-json\/wp\/v2\/comments?post=5709"}],"version-history":[{"count":1,"href":"https:\/\/va.akademijazs.edu.rs\/index.php\/wp-json\/wp\/v2\/pages\/5709\/revisions"}],"predecessor-version":[{"id":34312,"href":"https:\/\/va.akademijazs.edu.rs\/index.php\/wp-json\/wp\/v2\/pages\/5709\/revisions\/34312"}],"wp:attachment":[{"href":"https:\/\/va.akademijazs.edu.rs\/index.php\/wp-json\/wp\/v2\/media?parent=5709"}],"curies":[{"name":"wp","href":"https:\/\/api.w.org\/{rel}","templated":true}]}}